{"id":67,"date":"2026-02-03T15:28:52","date_gmt":"2026-02-03T15:28:52","guid":{"rendered":"https:\/\/buyoldangectim.com\/?page_id=67"},"modified":"2026-02-09T19:33:36","modified_gmt":"2026-02-09T19:33:36","slug":"bu-yoldan-gectim","status":"publish","type":"page","link":"https:\/\/buyoldangectim.com\/","title":{"rendered":"Bu yoldan ge\u00e7tim.."},"content":{"rendered":"\r\n<p>Bir an olur\u2026<\/p>\r\n\r\n\r\n\r\n<p>Bir yoldan ge\u00e7ersin ve dersin ki:<\/p>\r\n\r\n\r\n\r\n<p>\u201cBen bu yoldan daha \u00f6nce ge\u00e7tim.\u201d<\/p>\r\n\r\n\r\n\r\n<p>Bir diyalog, bir sahne, bir his\u2026<\/p>\r\n\r\n\r\n\r\n<p>Sanki ikinci kez ya\u015f\u0131yormu\u015f gibi.<\/p>\r\n\r\n\r\n\r\n<p>Senaryosunu biliyorsundur hatta.<\/p>\r\n\r\n\r\n\r\n<p>Belki de sen yazm\u0131\u015fs\u0131nd\u0131r.<\/p>\r\n\r\n\r\n\r\n<p>Ben de bu hayatta y\u00fcr\u00fcrken,<\/p>\r\n\r\n\r\n\r\n<p>ya\u015fad\u0131\u011f\u0131m dejavular\u0131,<\/p>\r\n\r\n\r\n\r\n<p>g\u00fcnl\u00fck ak\u0131\u015fta kar\u015f\u0131ma \u00e7\u0131kan tan\u0131d\u0131k sahneleri,<\/p>\r\n\r\n\r\n\r\n<p>kendi ya\u015fam\u0131mdan s\u00fcz\u00fcp<\/p>\r\n\r\n\r\n\r\n<p>burada seninle payla\u015fmak istedim.<\/p>\r\n\r\n\r\n\r\n<p>Kim bilir\u2026<\/p>\r\n\r\n\r\n\r\n<p>Belki do\u011fru zamanda, do\u011fru yerde kar\u015f\u0131na \u00e7\u0131kar bu sat\u0131rlar.<\/p>\r\n\r\n\r\n\r\n<p>Bir sat\u0131r s\u0131rda\u015f olur.<\/p>\r\n\r\n\r\n\r\n<p>Bir sat\u0131r rehber olur.<\/p>\r\n\r\n\r\n\r\n<p>Bir sat\u0131r arkada\u015f olur.<\/p>\r\n\r\n\r\n\r\n<p>Bir sat\u0131r, belki de umut olur.<\/p>\r\n\r\n\r\n\r\n<p>B\u00fcy\u00fck usta Kayahan\u2019\u0131n dedi\u011fi gibi:<\/p>\r\n\r\n\r\n\r\n<p>\u201cYolu sevgiden ge\u00e7en herkesle,<\/p>\r\n\r\n\r\n\r\n<p>bir g\u00fcn bir yerde bulu\u015furuz.\u201d belki&#8230;<\/p>\r\n\r\n\r\n\r\n<p>Ee\u2026<\/p>\r\n\r\n\r\n\r\n<p>Ne duruyorsun?<\/p>\r\n\r\n\r\n\r\n<p>Dal an\u0131lar\u0131n i\u00e7ine.<\/p>\r\n\r\n\r\n\r\n<p>Ben bu yoldan ge\u00e7tim.<\/p>\r\n\r\n\r\n\r\n<p>\u015eimdi s\u0131ra sende<\/p>\r\n<p><em style=\"text-align: center;\">\u00a0 \u00a0 \u00a0 \u00a0 \u00a0 \u00a0 \u00a0 \u00a0 \u00a0 \u00a0 \u00a0 \u00a0 \u00a0 \u00a0 \u00a0 \u00a0 \u00a0 \u00a0 \u00a0 \u00a0 \u00a0 \u00a0 \u00a0 \u00a0 \u00a0 \u00a0 \u00a0 \u00a0 Ali ihsan<\/em><\/p>\r\n\r\n\r\n\r\n<p>&nbsp;<\/p>\r\n\r\n\r\n<div class=\"wp-block-post-time-to-read\">1\u20132 dakika<\/div>\r\n\r\n\r\n<p>&nbsp;<\/p>\r\n","protected":false},"excerpt":{"rendered":"<p>Bir an olur\u2026 Bir yoldan ge\u00e7ersin ve dersin ki: \u201cBen bu yoldan daha \u00f6nce ge\u00e7tim.\u201d Bir diyalog, bir sahne, bir<a href=\"https:\/\/buyoldangectim.com\/\"> > Devam\u0131n\u0131 Oku<\/a><\/p>\n","protected":false},"author":2,"featured_media":0,"parent":0,"menu_order":0,"comment_status":"closed","ping_status":"closed","template":"","meta":{"footnotes":""},"class_list":["post-67","page","type-page","status-publish","hentry"],"_links":{"self":[{"href":"https:\/\/buyoldangectim.com\/index.php\/wp-json\/wp\/v2\/pages\/67","targetHints":{"allow":["GET"]}}],"collection":[{"href":"https:\/\/buyoldangectim.com\/index.php\/wp-json\/wp\/v2\/pages"}],"about":[{"href":"https:\/\/buyoldangectim.com\/index.php\/wp-json\/wp\/v2\/types\/page"}],"author":[{"embeddable":true,"href":"https:\/\/buyoldangectim.com\/index.php\/wp-json\/wp\/v2\/users\/2"}],"replies":[{"embeddable":true,"href":"https:\/\/buyoldangectim.com\/index.php\/wp-json\/wp\/v2\/comments?post=67"}],"version-history":[{"count":4,"href":"https:\/\/buyoldangectim.com\/index.php\/wp-json\/wp\/v2\/pages\/67\/revisions"}],"predecessor-version":[{"id":98,"href":"https:\/\/buyoldangectim.com\/index.php\/wp-json\/wp\/v2\/pages\/67\/revisions\/98"}],"wp:attachment":[{"href":"https:\/\/buyoldangectim.com\/index.php\/wp-json\/wp\/v2\/media?parent=67"}],"curies":[{"name":"wp","href":"https:\/\/api.w.org\/{rel}","templated":true}]}}