{"id":10,"date":"2026-01-29T18:19:31","date_gmt":"2026-01-29T18:19:31","guid":{"rendered":"https:\/\/buyoldangectim.com\/?page_id=10"},"modified":"2026-02-09T19:28:54","modified_gmt":"2026-02-09T19:28:54","slug":"hakkimda","status":"publish","type":"page","link":"https:\/\/buyoldangectim.com\/index.php\/hakkimda\/","title":{"rendered":"Hakk\u0131mda"},"content":{"rendered":"\r\n<p>Bu siteyi, \u201cherkesin ba\u015f\u0131na gelmi\u015f ama pek az\u0131n\u0131n oturup anlatt\u0131\u011f\u0131\u201d hik\u00e2yeler i\u00e7in a\u00e7t\u0131m.<br \/>Hayat\u0131m boyunca tek bir yoldan y\u00fcr\u00fcmedim.<br \/>Denemelerim oldu, t\u00f6kezlediklerim oldu, vazge\u00e7meye yakla\u015ft\u0131\u011f\u0131m zamanlar da\u2026<br \/>35 ya\u015f\u0131ma kadar farkl\u0131 sekt\u00f6rlerde bir\u00e7ok giri\u015fime girdim; baz\u0131lar\u0131 y\u00fcr\u00fcd\u00fc, baz\u0131lar\u0131 ba\u015far\u0131s\u0131zl\u0131kla sonu\u00e7land\u0131.<br \/>Ama hepsi bir \u015fey \u00f6\u011fretti.<br \/>Bug\u00fcn, bana zaman ve mek\u00e2n \u00f6zg\u00fcrl\u00fc\u011f\u00fc tan\u0131yan bir hayat d\u00fczeni i\u00e7inde yoluma devam ediyorum.<br \/>Bu \u00f6zg\u00fcrl\u00fck; ka\u00e7mak i\u00e7in de\u011fil, <em>daha dikkatli bakabilmek<\/em> i\u00e7in.<br \/>Burada;<br \/>bir oto y\u0131kamac\u0131da ya\u015fanan k\u00fc\u00e7\u00fck bir an\u0131dan,<br \/>bir okul bah\u00e7esindeki sessiz bir derse,<br \/>bir baban\u0131n tek c\u00fcmlelik \u00f6\u011fretisine kadar<br \/>hayat\u0131n i\u00e7inden kesitler bulacaks\u0131n.<br \/>Yazd\u0131klar\u0131m \u00f6\u011f\u00fct vermek i\u00e7in de\u011fil.<br \/>Do\u011fruyu g\u00f6stermek ya da birini ikna etmek i\u00e7in hi\u00e7 de\u011fil.<br \/>Sadece ya\u015fanm\u0131\u015fl\u0131klar\u0131n, zamanla nas\u0131l anlam kazand\u0131\u011f\u0131n\u0131 payla\u015fmak i\u00e7in.<br \/>Belki okurken \u201cben de bu yoldan ge\u00e7tim\u201d dersin.<br \/>Belki sadece durup d\u00fc\u015f\u00fcn\u00fcrs\u00fcn.<br \/>Belki de hi\u00e7bir \u015fey olmaz\u2026<br \/>O da olur.<br \/>Ben yoluma devam ediyorum.<br \/>Bu site de o yolun kenar\u0131na b\u0131rak\u0131lm\u0131\u015f k\u00fc\u00e7\u00fck notlar gibi..<\/p>\r\n<p style=\"text-align: center;\"><em>Ali \u0130hsan Sivri<\/em>\u00a0<\/p>\r\n","protected":false},"excerpt":{"rendered":"<p>Bu siteyi, \u201cherkesin ba\u015f\u0131na gelmi\u015f ama pek az\u0131n\u0131n oturup anlatt\u0131\u011f\u0131\u201d hik\u00e2yeler i\u00e7in a\u00e7t\u0131m.Hayat\u0131m boyunca tek bir yoldan y\u00fcr\u00fcmedim.Denemelerim oldu, t\u00f6kezlediklerim<a href=\"https:\/\/buyoldangectim.com\/index.php\/hakkimda\/\"> > Devam\u0131n\u0131 Oku<\/a><\/p>\n","protected":false},"author":1,"featured_media":0,"parent":0,"menu_order":1,"comment_status":"closed","ping_status":"closed","template":"","meta":{"footnotes":""},"class_list":["post-10","page","type-page","status-publish","hentry"],"_links":{"self":[{"href":"https:\/\/buyoldangectim.com\/index.php\/wp-json\/wp\/v2\/pages\/10","targetHints":{"allow":["GET"]}}],"collection":[{"href":"https:\/\/buyoldangectim.com\/index.php\/wp-json\/wp\/v2\/pages"}],"about":[{"href":"https:\/\/buyoldangectim.com\/index.php\/wp-json\/wp\/v2\/types\/page"}],"author":[{"embeddable":true,"href":"https:\/\/buyoldangectim.com\/index.php\/wp-json\/wp\/v2\/users\/1"}],"replies":[{"embeddable":true,"href":"https:\/\/buyoldangectim.com\/index.php\/wp-json\/wp\/v2\/comments?post=10"}],"version-history":[{"count":11,"href":"https:\/\/buyoldangectim.com\/index.php\/wp-json\/wp\/v2\/pages\/10\/revisions"}],"predecessor-version":[{"id":95,"href":"https:\/\/buyoldangectim.com\/index.php\/wp-json\/wp\/v2\/pages\/10\/revisions\/95"}],"wp:attachment":[{"href":"https:\/\/buyoldangectim.com\/index.php\/wp-json\/wp\/v2\/media?parent=10"}],"curies":[{"name":"wp","href":"https:\/\/api.w.org\/{rel}","templated":true}]}}